{"id":459,"date":"2019-01-08T10:51:31","date_gmt":"2019-01-08T10:51:31","guid":{"rendered":"https:\/\/manon.edge-themes.com\/?page_id=459"},"modified":"2024-07-01T11:30:44","modified_gmt":"2024-07-01T09:30:44","slug":"kontakt","status":"publish","type":"page","link":"https:\/\/promolab.cz\/en\/kontakt\/","title":{"rendered":"CONTACT"},"content":{"rendered":"<section class=\"wpb-content-wrapper\"><div class=\"edgtf-row-grid-section-wrapper\"  ><div class=\"edgtf-row-grid-section\"><div class=\"vc_row wpb_row vc_row-fluid kontakt-left-side vc_custom_1570908343261\" ><div class=\"wpb_column vc_column_container vc_col-sm-12\"><div class=\"vc_column-inner\"><div class=\"wpb_wrapper\">\n\t<div class=\"wpb_text_column wpb_content_element\" >\n\t\t<div class=\"wpb_wrapper\">\n\t\t\t<h3 style=\"text-align: center;\"><b>Contact<\/b><\/h3>\n\n\t\t<\/div>\n\t<\/div>\n<div class=\"vc_empty_space\"   style=\"height: 30px\"><span class=\"vc_empty_space_inner\"><\/span><\/div><div class=\"edgtf-elements-holder   edgtf-two-columns  edgtf-responsive-mode-1024\" ><div class=\"edgtf-eh-item\"  data-item-class=\"edgtf-eh-custom-7299\" data-1025-1366=\"0 20px 0 0\" data-769-1024=\"0 0 0 0\" data-681-768=\"0 0 0 0\" data-680=\"0 0 0 0\">\n\t<div class=\"edgtf-eh-item-inner\">\n\t\t<div class=\"edgtf-eh-item-content edgtf-eh-custom-7299\" style=\"padding: 0 50px 0 0\">\n\t\t\t<div class=\"vc_empty_space\"   style=\"height: 50px\"><span class=\"vc_empty_space_inner\"><\/span><\/div>\n\t<div class=\"wpb_text_column wpb_content_element\" >\n\t\t<div class=\"wpb_wrapper\">\n\t\t\t<h5 class=\"p1\"><span class=\"s1\">Call us<\/span><\/h5>\n<p class=\"p1\"><a href=\"tel:00420775181318\"><span class=\"s1\">+420 775 181 318<\/span><\/a><\/p>\n<p>&nbsp;<\/p>\n<h5 class=\"p1\"><span class=\"s1\">Write us<\/span><\/h5>\n<p class=\"p1\"><span class=\"s2\"><a href=\"mailto:info@promolab.cz\">info@promolab.cz<\/a><\/span><\/p>\n<h5 class=\"p1\"><span class=\"s1\"><a href=\"https:\/\/docs.google.com\/document\/d\/15lMrL2XSXoY2sDK35l5R_rNgVmQCm5csjuUwGTr2pic\/edit?usp=share_link\">Ochrana \u00fadaj\u016f<\/a><\/span><\/h5>\n\n\t\t<\/div>\n\t<\/div>\n<div class=\"vc_empty_space\"   style=\"height: 29px\"><span class=\"vc_empty_space_inner\"><\/span><\/div>\n\t<div class=\"wpb_text_column wpb_content_element\" >\n\t\t<div class=\"wpb_wrapper\">\n\t\t\t<h5 class=\"p1\"><span class=\"s1\">Faktura\u010dn\u00ed \u00fadaje<\/span><\/h5>\n<p class=\"p1\"><span class=\"s1\">Adventis s.r.o.<\/span><\/p>\n<p class=\"p1\"><span class=\"s1\">Wichterlova 2372\/8<\/span><\/p>\n<p class=\"p1\"><span class=\"s1\">182 00 Praha 8<\/span><\/p>\n<p class=\"p1\"><span class=\"s1\">I\u010c: 25448676<\/span><\/p>\n<p class=\"p1\"><span class=\"s1\">DI\u010c: CZ25448676<\/span><\/p>\n\n\t\t<\/div>\n\t<\/div>\n<div class=\"vc_empty_space\"   style=\"height: 49px\"><span class=\"vc_empty_space_inner\"><\/span><\/div>\t\t<\/div>\n\t<\/div>\n<\/div><div class=\"edgtf-eh-item\"  data-item-class=\"edgtf-eh-custom-2272\">\n\t<div class=\"edgtf-eh-item-inner\">\n\t\t<div class=\"edgtf-eh-item-content edgtf-eh-custom-2272\" >\n\t\t\t<div class=\"vc_empty_space\"   style=\"height: 29px\"><span class=\"vc_empty_space_inner\"><\/span><\/div>\n\t<div class=\"wpb_text_column wpb_content_element\" >\n\t\t<div class=\"wpb_wrapper\">\n\t\t\t<h5><span class=\"s1\">Become our next client!<\/span><\/h5>\n<p class=\"p1\"><span class=\"s1\">Evgenia Klochay<\/span><\/p>\n<p class=\"p1\"><span class=\"s1\">CEO<\/span><\/p>\n<p class=\"p1\"><strong><span class=\"s2\"><a href=\"mailto:evgenia@promolab.cz\">evgenia@promolab.cz<\/a><\/span><\/strong><\/p>\n\n\t\t<\/div>\n\t<\/div>\n<div class=\"vc_empty_space\"   style=\"height: 29px\"><span class=\"vc_empty_space_inner\"><\/span><\/div><div class=\"vc_empty_space\"   style=\"height: 29px\"><span class=\"vc_empty_space_inner\"><\/span><\/div>\n<div class=\"wpcf7 no-js\" id=\"wpcf7-f550-o1\" lang=\"en-US\" dir=\"ltr\">\n<div class=\"screen-reader-response\"><p role=\"status\" aria-live=\"polite\" aria-atomic=\"true\"><\/p> <ul><\/ul><\/div>\n<form action=\"\/en\/wp-json\/wp\/v2\/pages\/459#wpcf7-f550-o1\" method=\"post\" class=\"wpcf7-form init cf7_custom_style_1\" aria-label=\"Contact form\" novalidate=\"novalidate\" data-status=\"init\" data-trp-original-action=\"\/en\/wp-json\/wp\/v2\/pages\/459#wpcf7-f550-o1\">\n<div style=\"display: none;\">\n<input type=\"hidden\" name=\"_wpcf7\" value=\"550\" \/>\n<input type=\"hidden\" name=\"_wpcf7_version\" value=\"5.7.6\" \/>\n<input type=\"hidden\" name=\"_wpcf7_locale\" value=\"en_US\" \/>\n<input type=\"hidden\" name=\"_wpcf7_unit_tag\" value=\"wpcf7-f550-o1\" \/>\n<input type=\"hidden\" name=\"_wpcf7_container_post\" value=\"0\" \/>\n<input type=\"hidden\" name=\"_wpcf7_posted_data_hash\" value=\"\" \/>\n<input type=\"hidden\" name=\"_wpcf7_recaptcha_response\" value=\"\" \/>\n<\/div>\n<div>\n\t<p><span class=\"wpcf7-form-control-wrap\" data-name=\"your-name\"><input size=\"40\" class=\"wpcf7-form-control wpcf7-text\" aria-invalid=\"false\" placeholder=\"Name\" value=\"\" type=\"text\" name=\"your-name\" \/><\/span>\n\t<\/p>\n<\/div>\n<div>\n\t<p><span class=\"wpcf7-form-control-wrap\" data-name=\"your-email\"><input size=\"40\" class=\"wpcf7-form-control wpcf7-text wpcf7-email wpcf7-validates-as-required wpcf7-validates-as-email\" aria-required=\"true\" aria-invalid=\"false\" placeholder=\"E-mail\" value=\"\" type=\"email\" name=\"your-email\" \/><\/span>\n\t<\/p>\n<\/div>\n<div>\n\t<p><span class=\"wpcf7-form-control-wrap\" data-name=\"your-message\"><textarea cols=\"40\" rows=\"1\" class=\"wpcf7-form-control wpcf7-textarea\" aria-invalid=\"false\" placeholder=\"Message\" name=\"your-message\"><\/textarea><\/span>\n\t<\/p>\n<\/div>\n<div>\n\t<p><button class=\"wpcf7-form-control wpcf7-submit edgtf-btn edgtf-btn-medium edgtf-btn-solid\" type=\"submit\"  data-text=\"Odeslat\"><span class=\"edgtf-btn-text\">Send<\/span><\/button>\n\t<\/p>\n<\/div><div class=\"wpcf7-response-output\" aria-hidden=\"true\"><\/div>\n<input type=\"hidden\" name=\"trp-form-language\" value=\"en\"\/><\/form>\n<\/div>\n<div class=\"vc_empty_space\"   style=\"height: 49px\"><span class=\"vc_empty_space_inner\"><\/span><\/div>\t\t<\/div>\n\t<\/div>\n<\/div><\/div><\/div><\/div><\/div><\/div><\/div><\/div>\n<\/section>","protected":false},"excerpt":{"rendered":"Kontakt Zavolejte n\u00e1m +420 775 181 318 &nbsp; Napi\u0161te n\u00e1m info@promolab.cz Ochrana \u00fadaj\u016f Faktura\u010dn\u00ed \u00fadaje Adventis s.r.o. Wichterlova 2372\/8 182 00 Praha 8 I\u010c: 25448676 DI\u010c: CZ25448676 Sta\u0148te se na\u0161\u00edm dal\u0161\u00edm spokojen\u00fdm klientem! Evgenia Klochay CEO evgenia@promolab.cz Odeslat","protected":false},"author":3,"featured_media":0,"parent":0,"menu_order":0,"comment_status":"closed","ping_status":"closed","template":"full-width.php","meta":{"_seopress_robots_primary_cat":""},"_links":{"self":[{"href":"https:\/\/promolab.cz\/en\/wp-json\/wp\/v2\/pages\/459"}],"collection":[{"href":"https:\/\/promolab.cz\/en\/wp-json\/wp\/v2\/pages"}],"about":[{"href":"https:\/\/promolab.cz\/en\/wp-json\/wp\/v2\/types\/page"}],"author":[{"embeddable":true,"href":"https:\/\/promolab.cz\/en\/wp-json\/wp\/v2\/users\/3"}],"replies":[{"embeddable":true,"href":"https:\/\/promolab.cz\/en\/wp-json\/wp\/v2\/comments?post=459"}],"version-history":[{"count":46,"href":"https:\/\/promolab.cz\/en\/wp-json\/wp\/v2\/pages\/459\/revisions"}],"predecessor-version":[{"id":4173,"href":"https:\/\/promolab.cz\/en\/wp-json\/wp\/v2\/pages\/459\/revisions\/4173"}],"wp:attachment":[{"href":"https:\/\/promolab.cz\/en\/wp-json\/wp\/v2\/media?parent=459"}],"curies":[{"name":"wp","href":"https:\/\/api.w.org\/{rel}","templated":true}]}}