{"id":511,"date":"2019-01-08T14:00:44","date_gmt":"2019-01-08T14:00:44","guid":{"rendered":"https:\/\/manon.edge-themes.com\/?page_id=511"},"modified":"2023-03-27T22:19:29","modified_gmt":"2023-03-27T20:19:29","slug":"dalsi-projekty","status":"publish","type":"page","link":"https:\/\/promolab.cz\/en\/dalsi-projekty\/","title":{"rendered":"OTHER PROJECTS"},"content":{"rendered":"<section class=\"wpb-content-wrapper\"><div class=\"vc_row wpb_row vc_row-fluid\" ><div class=\"wpb_column vc_column_container vc_col-sm-12\"><div class=\"vc_column-inner\"><div class=\"wpb_wrapper\"><div class=\"edgtf-elements-holder   edgtf-one-column  edgtf-responsive-mode-768\" ><div class=\"edgtf-eh-item\"  data-item-class=\"edgtf-eh-custom-1709\">\n\t<div class=\"edgtf-eh-item-inner\">\n\t\t<div class=\"edgtf-eh-item-content edgtf-eh-custom-1709\" >\n\t\t\t<div class=\"vc_empty_space\"   style=\"height: 32px\"><span class=\"vc_empty_space_inner\"><\/span><\/div>\n\t<div  class=\"wpb_single_image wpb_content_element vc_align_center\">\n\t\t\n\t\t<figure class=\"wpb_wrapper vc_figure\">\n\t\t\t<div class=\"vc_single_image-wrapper   vc_box_border_grey\"><img width=\"1024\" height=\"215\" src=\"https:\/\/promolab.cz\/wp-content\/uploads\/2019\/09\/Logo_HQ-1024x215.jpg\" class=\"vc_single_image-img attachment-large\" alt=\"logo | dailystyle\" decoding=\"async\" loading=\"lazy\" title=\"logo | dailystyle\" srcset=\"https:\/\/promolab.cz\/wp-content\/uploads\/2019\/09\/Logo_HQ-1024x215.jpg 1024w, https:\/\/promolab.cz\/wp-content\/uploads\/2019\/09\/Logo_HQ-600x126.jpg 600w, https:\/\/promolab.cz\/wp-content\/uploads\/2019\/09\/Logo_HQ-300x63.jpg 300w, https:\/\/promolab.cz\/wp-content\/uploads\/2019\/09\/Logo_HQ-768x161.jpg 768w, https:\/\/promolab.cz\/wp-content\/uploads\/2019\/09\/Logo_HQ.jpg 1300w\" sizes=\"(max-width: 1024px) 100vw, 1024px\" \/><\/div>\n\t\t<\/figure>\n\t<\/div>\n\t\t<\/div>\n\t<\/div>\n<\/div><\/div><\/div><\/div><\/div><\/div><div class=\"vc_row wpb_row vc_row-fluid\" ><div class=\"wpb_column vc_column_container vc_col-sm-12\"><div class=\"vc_column-inner\"><div class=\"wpb_wrapper\"><div class=\"vc_empty_space\"   style=\"height: 32px\"><span class=\"vc_empty_space_inner\"><\/span><\/div><div class=\"vc_empty_space\"   style=\"height: 32px\"><span class=\"vc_empty_space_inner\"><\/span><\/div>\n\t<div class=\"wpb_text_column wpb_content_element  dalsi-projekty-txt\" >\n\t\t<div class=\"wpb_wrapper\">\n\t\t\t<p class=\"p1\" style=\"text-align: center;\"><span class=\"s1\">Our own project is the lifestyle online magazine <strong><a href=\"https:\/\/dailystyle.cz\" target=\"_blank\" rel=\"noopener\"><span class=\"s2\">dailystyle.cz<\/span><\/a>,<\/strong> which has been on the market since 2012. Dailystyle is targeted for readers from the Czech and Slovak Republics with an interest in fashion trends. The content of the magazine is full of world and local news from the fashion world, beauty, art, design, gastronomy and cultural life. <\/span><\/p>\n<p class=\"p1\" style=\"text-align: center;\"><span class=\"s1\"><strong>For us, having our own media means having the space to express ourselves and share our own vision with our readers.<\/strong> <\/span><\/p>\n<p class=\"p1\" style=\"text-align: center;\"><span class=\"s1\">Visit our website <strong><a href=\"https:\/\/dailystyle.cz\" target=\"_blank\" rel=\"noopener\"><span class=\"s2\">dailystyle.cz<\/span><\/a><\/strong> and learn more. <\/span><\/p>\n\n\t\t<\/div>\n\t<\/div>\n<div class=\"vc_empty_space\"   style=\"height: 32px\"><span class=\"vc_empty_space_inner\"><\/span><\/div><div class=\"vc_empty_space\"   style=\"height: 32px\"><span class=\"vc_empty_space_inner\"><\/span><\/div><\/div><\/div><\/div><\/div><div class=\"vc_row wpb_row vc_row-fluid\" ><div class=\"wpb_column vc_column_container vc_col-sm-12\"><div class=\"vc_column-inner\"><div class=\"wpb_wrapper\"><div class=\"edgtf-video-button-holder  edgtf-vb-has-img\">\n\t<div class=\"edgtf-video-button-image\">\n\t\t<img width=\"2880\" height=\"870\" src=\"https:\/\/promolab.cz\/wp-content\/uploads\/2019\/09\/dalsi-projekty-5.jpg\" class=\"attachment-full size-full\" alt=\"logo | dailystyle\" decoding=\"async\" loading=\"lazy\" srcset=\"https:\/\/promolab.cz\/wp-content\/uploads\/2019\/09\/dalsi-projekty-5.jpg 2880w, https:\/\/promolab.cz\/wp-content\/uploads\/2019\/09\/dalsi-projekty-5-600x181.jpg 600w, https:\/\/promolab.cz\/wp-content\/uploads\/2019\/09\/dalsi-projekty-5-300x91.jpg 300w, https:\/\/promolab.cz\/wp-content\/uploads\/2019\/09\/dalsi-projekty-5-768x232.jpg 768w, https:\/\/promolab.cz\/wp-content\/uploads\/2019\/09\/dalsi-projekty-5-1024x309.jpg 1024w\" sizes=\"(max-width: 2880px) 100vw, 2880px\" \/>\t<\/div>\n\t\t\t<a class=\"edgtf-video-button-play\"  href=\"https:\/\/www.youtube.com\/watch?v=bgSvLa8bulU\" data-rel=\"prettyPhoto[video_button_pretty_photo_807]\">\n\t\t\t<span class=\"edgtf-video-button-play-inner\">\n\t\t\t\t<svg class=\"edgtf-theme-svg\" x=\"0px\" y=\"0px\" width=\"115px\" height=\"115px\" viewbox=\"0 0 231.971 231.971\" enable-background=\"new 0 0 231.971 231.971\" xml:space=\"preserve\">\n\t\t\t\t\t<circle fill=\"none\" stroke=\"#000000\" stroke-miterlimit=\"10\" cx=\"115.985\" cy=\"115.985\" r=\"115.485\"\/>\n\t\t\t\t<\/svg><span class=\"edgtf-video-button-text\">PLAY<\/span>\t\t\t<\/span>\n\t\t<\/a>\n\t<\/div><div class=\"vc_empty_space\"   style=\"height: 32px\"><span class=\"vc_empty_space_inner\"><\/span><\/div><div class=\"vc_empty_space\"   style=\"height: 32px\"><span class=\"vc_empty_space_inner\"><\/span><\/div><\/div><\/div><\/div><\/div>\n<\/section>","protected":false},"excerpt":{"rendered":"Na\u0161\u00edm vlastn\u00edm projektem je lifestylov\u00fd online magaz\u00edn dailystyle.cz, kter\u00fd je na trhu od roku 2012. Dailystyle je zam\u011b\u0159en\u00fd na \u010dten\u00e1\u0159sk\u00e9 publikum z \u010cesk\u00e9 a Slovensk\u00e9 republiky se z\u00e1jmem o m\u00f3dn\u00ed trendy. Obsah magaz\u00ednu je pln\u00fd sv\u011btov\u00fdch a lok\u00e1ln\u00edch novinek z [...]","protected":false},"author":3,"featured_media":0,"parent":0,"menu_order":0,"comment_status":"closed","ping_status":"closed","template":"full-width.php","meta":{"_seopress_robots_primary_cat":""},"_links":{"self":[{"href":"https:\/\/promolab.cz\/en\/wp-json\/wp\/v2\/pages\/511"}],"collection":[{"href":"https:\/\/promolab.cz\/en\/wp-json\/wp\/v2\/pages"}],"about":[{"href":"https:\/\/promolab.cz\/en\/wp-json\/wp\/v2\/types\/page"}],"author":[{"embeddable":true,"href":"https:\/\/promolab.cz\/en\/wp-json\/wp\/v2\/users\/3"}],"replies":[{"embeddable":true,"href":"https:\/\/promolab.cz\/en\/wp-json\/wp\/v2\/comments?post=511"}],"version-history":[{"count":14,"href":"https:\/\/promolab.cz\/en\/wp-json\/wp\/v2\/pages\/511\/revisions"}],"predecessor-version":[{"id":4123,"href":"https:\/\/promolab.cz\/en\/wp-json\/wp\/v2\/pages\/511\/revisions\/4123"}],"wp:attachment":[{"href":"https:\/\/promolab.cz\/en\/wp-json\/wp\/v2\/media?parent=511"}],"curies":[{"name":"wp","href":"https:\/\/api.w.org\/{rel}","templated":true}]}}